{"id":2092,"date":"2025-07-31T05:41:46","date_gmt":"2025-07-31T11:41:46","guid":{"rendered":"https:\/\/healinghandsguatemala.com.gt\/servicios\/"},"modified":"2025-08-16T17:02:54","modified_gmt":"2025-08-16T23:02:54","slug":"servicios","status":"publish","type":"page","link":"https:\/\/healinghandsguatemala.com.gt\/es\/servicios\/","title":{"rendered":"Servicios"},"content":{"rendered":"\t\t<div data-elementor-type=\"wp-page\" data-elementor-id=\"2092\" class=\"elementor elementor-2092 elementor-929\" data-elementor-post-type=\"page\">\n\t\t\t\t<div class=\"elementor-element elementor-element-edae2a4 e-con-full e-flex e-con e-parent\" data-id=\"edae2a4\" data-element_type=\"container\" data-e-type=\"container\" data-settings=\"{&quot;background_background&quot;:&quot;gradient&quot;}\">\n\t\t\t\t<div class=\"elementor-element elementor-element-e14669b elementor-align-center elementor-widget elementor-widget-breadcrumbs\" data-id=\"e14669b\" data-element_type=\"widget\" data-e-type=\"widget\" data-widget_type=\"breadcrumbs.default\">\n\t\t\t\t<div class=\"elementor-widget-container\">\n\t\t\t\t\t<p id=\"breadcrumbs\"><span><span><a href=\"https:\/\/healinghandsguatemala.com.gt\/es\/\">Inicio<\/a><\/span><\/span><\/p>\t\t\t\t<\/div>\n\t\t\t\t<\/div>\n\t\t\t\t<div class=\"elementor-element elementor-element-a633434 elementor-widget__width-inherit elementor-widget-mobile__width-inherit elementor-widget elementor-widget-heading\" data-id=\"a633434\" data-element_type=\"widget\" data-e-type=\"widget\" data-widget_type=\"heading.default\">\n\t\t\t\t<div class=\"elementor-widget-container\">\n\t\t\t\t\t<h1 class=\"elementor-heading-title elementor-size-default\">Nuestros servicios<\/h1>\t\t\t\t<\/div>\n\t\t\t\t<\/div>\n\t\t\t\t<div class=\"elementor-element elementor-element-67e36c5 elementor-widget__width-initial elementor-widget-mobile__width-inherit elementor-widget-tablet__width-inherit elementor-widget elementor-widget-heading\" data-id=\"67e36c5\" data-element_type=\"widget\" data-e-type=\"widget\" data-widget_type=\"heading.default\">\n\t\t\t\t<div class=\"elementor-widget-container\">\n\t\t\t\t\t<h4 class=\"elementor-heading-title elementor-size-default\">Nuestros servicios est\u00e1n pensados para acompa\u00f1ar a quienes buscan sanar, recuperarse o mantenerse activos. Consulta el precio por hora de cada sesi\u00f3n, descubre paquetes personalizados y reserva tu cita.<\/h4>\t\t\t\t<\/div>\n\t\t\t\t<\/div>\n\t\t<div class=\"elementor-element elementor-element-77554d3 e-con-full e-flex e-con e-child\" data-id=\"77554d3\" data-element_type=\"container\" data-e-type=\"container\">\n\t\t<div class=\"elementor-element elementor-element-4747d48 e-con-full e-flex e-con e-child\" data-id=\"4747d48\" data-element_type=\"container\" data-e-type=\"container\" id=\"s1\" data-settings=\"{&quot;background_background&quot;:&quot;classic&quot;,&quot;background_motion_fx_motion_fx_scrolling&quot;:&quot;yes&quot;,&quot;background_motion_fx_translateY_effect&quot;:&quot;yes&quot;,&quot;background_motion_fx_translateY_direction&quot;:&quot;negative&quot;,&quot;background_motion_fx_translateY_speed&quot;:{&quot;unit&quot;:&quot;px&quot;,&quot;size&quot;:2,&quot;sizes&quot;:[]},&quot;background_motion_fx_translateY_affectedRange&quot;:{&quot;unit&quot;:&quot;%&quot;,&quot;size&quot;:&quot;&quot;,&quot;sizes&quot;:{&quot;start&quot;:0,&quot;end&quot;:100}},&quot;background_motion_fx_devices&quot;:[&quot;desktop&quot;,&quot;tablet&quot;,&quot;mobile&quot;]}\">\n\t\t<div class=\"elementor-element elementor-element-e4ee15a e-con-full e-flex e-con e-child\" data-id=\"e4ee15a\" data-element_type=\"container\" data-e-type=\"container\">\n\t\t\t\t<div class=\"elementor-element elementor-element-9f94b27 elementor-widget elementor-widget-heading\" data-id=\"9f94b27\" data-element_type=\"widget\" data-e-type=\"widget\" data-widget_type=\"heading.default\">\n\t\t\t\t<div class=\"elementor-widget-container\">\n\t\t\t\t\t<h3 class=\"elementor-heading-title elementor-size-default\"><a href=\"https:\/\/healinghandsguatemala.com.gt\/es\/servicios\/fisioterapia\/\">Fisioterapia<\/a><\/h3>\t\t\t\t<\/div>\n\t\t\t\t<\/div>\n\t\t\t\t<div class=\"elementor-element elementor-element-4494e87 elementor-widget elementor-widget-heading\" data-id=\"4494e87\" data-element_type=\"widget\" data-e-type=\"widget\" data-widget_type=\"heading.default\">\n\t\t\t\t<div class=\"elementor-widget-container\">\n\t\t\t\t\t<h5 class=\"elementor-heading-title elementor-size-default\"><a href=\"https:\/\/healinghandsguatemala.com.gt\/es\/servicios\/fisioterapia\/\">Cuidado cl\u00ednico que te ayuda a avanzar.<\/a><\/h5>\t\t\t\t<\/div>\n\t\t\t\t<\/div>\n\t\t\t\t<div class=\"elementor-element elementor-element-03421fb elementor-widget-divider--view-line elementor-widget elementor-widget-divider\" data-id=\"03421fb\" data-element_type=\"widget\" data-e-type=\"widget\" data-widget_type=\"divider.default\">\n\t\t\t\t<div class=\"elementor-widget-container\">\n\t\t\t\t\t\t\t<div class=\"elementor-divider\">\n\t\t\t<span class=\"elementor-divider-separator\">\n\t\t\t\t\t\t<\/span>\n\t\t<\/div>\n\t\t\t\t\t\t<\/div>\n\t\t\t\t<\/div>\n\t\t\t\t<div class=\"elementor-element elementor-element-3b9e44f elementor-widget elementor-widget-heading\" data-id=\"3b9e44f\" data-element_type=\"widget\" data-e-type=\"widget\" data-widget_type=\"heading.default\">\n\t\t\t\t<div class=\"elementor-widget-container\">\n\t\t\t\t\t<span class=\"elementor-heading-title elementor-size-default\">Nuestro equipo especializado en fisioterapia y rehabilitaci\u00f3n f\u00edsica ha obtenido excelentes resultados en el tratamiento de una amplia variedad de afecciones.<\/span>\t\t\t\t<\/div>\n\t\t\t\t<\/div>\n\t\t\t\t<div class=\"elementor-element elementor-element-8424fd7 elementor-widget elementor-widget-button\" data-id=\"8424fd7\" data-element_type=\"widget\" data-e-type=\"widget\" data-widget_type=\"button.default\">\n\t\t\t\t<div class=\"elementor-widget-container\">\n\t\t\t\t\t\t\t\t\t<div class=\"elementor-button-wrapper\">\n\t\t\t\t\t<a class=\"elementor-button elementor-button-link elementor-size-sm\" href=\"https:\/\/healinghandsguatemala.com.gt\/es\/servicios\/fisioterapia\/\">\n\t\t\t\t\t\t<span class=\"elementor-button-content-wrapper\">\n\t\t\t\t\t\t<span class=\"elementor-button-icon\">\n\t\t\t\t<svg aria-hidden=\"true\" class=\"e-font-icon-svg e-fas-angle-right\" viewBox=\"0 0 256 512\" xmlns=\"http:\/\/www.w3.org\/2000\/svg\"><path d=\"M224.3 273l-136 136c-9.4 9.4-24.6 9.4-33.9 0l-22.6-22.6c-9.4-9.4-9.4-24.6 0-33.9l96.4-96.4-96.4-96.4c-9.4-9.4-9.4-24.6 0-33.9L54.3 103c9.4-9.4 24.6-9.4 33.9 0l136 136c9.5 9.4 9.5 24.6.1 34z\"><\/path><\/svg>\t\t\t<\/span>\n\t\t\t\t\t\t\t\t\t<span class=\"elementor-button-text\">Leer m\u00e1s<\/span>\n\t\t\t\t\t<\/span>\n\t\t\t\t\t<\/a>\n\t\t\t\t<\/div>\n\t\t\t\t\t\t\t\t<\/div>\n\t\t\t\t<\/div>\n\t\t\t\t<div class=\"elementor-element elementor-element-39f44e6 elementor-hidden-desktop elementor-hidden-tablet elementor-hidden-mobile elementor-widget elementor-widget-jet-listing-dynamic-field\" data-id=\"39f44e6\" data-element_type=\"widget\" data-e-type=\"widget\" data-widget_type=\"jet-listing-dynamic-field.default\">\n\t\t\t\t<div class=\"elementor-widget-container\">\n\t\t\t\t\t<div class=\"jet-listing jet-listing-dynamic-field display-inline\"><div class=\"jet-listing-dynamic-field__inline-wrap\"><div class=\"jet-listing-dynamic-field__content\" >Servicios\n\n<style>#s1 .elementor-motion-effects-layer{\n  background-image: url(\"https:\/\/healinghandsguatemala.com.gt\/wp-content\/uploads\/2025\/07\/DSCF1710-1024x683.jpg\")!important;\n  \n}\n\n#s2 .elementor-motion-effects-layer{\n  background-image: url(\"https:\/\/healinghandsguatemala.com.gt\/wp-content\/uploads\/2025\/07\/DSCF2087-683x1024.jpg\")!important;\n  \n}\n<\/style><\/div><\/div><\/div>\t\t\t\t<\/div>\n\t\t\t\t<\/div>\n\t\t\t\t<\/div>\n\t\t\t\t<\/div>\n\t\t<div class=\"elementor-element elementor-element-0d3ce0a e-con-full e-flex e-con e-child\" data-id=\"0d3ce0a\" data-element_type=\"container\" data-e-type=\"container\" id=\"s2\" data-settings=\"{&quot;background_background&quot;:&quot;classic&quot;,&quot;background_motion_fx_motion_fx_scrolling&quot;:&quot;yes&quot;,&quot;background_motion_fx_translateY_effect&quot;:&quot;yes&quot;,&quot;background_motion_fx_translateY_speed&quot;:{&quot;unit&quot;:&quot;px&quot;,&quot;size&quot;:2,&quot;sizes&quot;:[]},&quot;background_motion_fx_translateY_affectedRange&quot;:{&quot;unit&quot;:&quot;%&quot;,&quot;size&quot;:&quot;&quot;,&quot;sizes&quot;:{&quot;start&quot;:0,&quot;end&quot;:100}},&quot;background_motion_fx_devices&quot;:[&quot;desktop&quot;,&quot;tablet&quot;,&quot;mobile&quot;]}\">\n\t\t<div class=\"elementor-element elementor-element-ec5ea5b e-con-full e-flex e-con e-child\" data-id=\"ec5ea5b\" data-element_type=\"container\" data-e-type=\"container\">\n\t\t\t\t<div class=\"elementor-element elementor-element-703bfd2 elementor-widget__width-initial elementor-widget elementor-widget-heading\" data-id=\"703bfd2\" data-element_type=\"widget\" data-e-type=\"widget\" data-widget_type=\"heading.default\">\n\t\t\t\t<div class=\"elementor-widget-container\">\n\t\t\t\t\t<h3 class=\"elementor-heading-title elementor-size-default\"><a href=\"https:\/\/healinghandsguatemala.com.gt\/es\/servicios\/masajes-terapeuticos-y-spa\/\">Masajes Terap\u00e9uticos y Spa<\/a><\/h3>\t\t\t\t<\/div>\n\t\t\t\t<\/div>\n\t\t\t\t<div class=\"elementor-element elementor-element-63b7dff elementor-widget elementor-widget-heading\" data-id=\"63b7dff\" data-element_type=\"widget\" data-e-type=\"widget\" data-widget_type=\"heading.default\">\n\t\t\t\t<div class=\"elementor-widget-container\">\n\t\t\t\t\t<h5 class=\"elementor-heading-title elementor-size-default\"><a href=\"https:\/\/healinghandsguatemala.com.gt\/es\/servicios\/masajes-terapeuticos-y-spa\/\">Un santuario para tu relajaci\u00f3n y belleza.<\/a><\/h5>\t\t\t\t<\/div>\n\t\t\t\t<\/div>\n\t\t\t\t<div class=\"elementor-element elementor-element-ee71d1f elementor-widget-divider--view-line elementor-widget elementor-widget-divider\" data-id=\"ee71d1f\" data-element_type=\"widget\" data-e-type=\"widget\" data-widget_type=\"divider.default\">\n\t\t\t\t<div class=\"elementor-widget-container\">\n\t\t\t\t\t\t\t<div class=\"elementor-divider\">\n\t\t\t<span class=\"elementor-divider-separator\">\n\t\t\t\t\t\t<\/span>\n\t\t<\/div>\n\t\t\t\t\t\t<\/div>\n\t\t\t\t<\/div>\n\t\t\t\t<div class=\"elementor-element elementor-element-bd90766 elementor-widget elementor-widget-heading\" data-id=\"bd90766\" data-element_type=\"widget\" data-e-type=\"widget\" data-widget_type=\"heading.default\">\n\t\t\t\t<div class=\"elementor-widget-container\">\n\t\t\t\t\t<span class=\"elementor-heading-title elementor-size-default\">Nuestros terapeutas de masaje est\u00e1n capacitados en t\u00e9cnicas relajantes y terap\u00e9uticas, y se especializan en masajes de tejido profundo y liberaci\u00f3n miofascial.<\/span>\t\t\t\t<\/div>\n\t\t\t\t<\/div>\n\t\t\t\t<div class=\"elementor-element elementor-element-ab2815f elementor-widget elementor-widget-button\" data-id=\"ab2815f\" data-element_type=\"widget\" data-e-type=\"widget\" data-widget_type=\"button.default\">\n\t\t\t\t<div class=\"elementor-widget-container\">\n\t\t\t\t\t\t\t\t\t<div class=\"elementor-button-wrapper\">\n\t\t\t\t\t<a class=\"elementor-button elementor-button-link elementor-size-sm\" href=\"https:\/\/healinghandsguatemala.com.gt\/es\/servicios\/masajes-terapeuticos-y-spa\/\">\n\t\t\t\t\t\t<span class=\"elementor-button-content-wrapper\">\n\t\t\t\t\t\t<span class=\"elementor-button-icon\">\n\t\t\t\t<svg aria-hidden=\"true\" class=\"e-font-icon-svg e-fas-angle-right\" viewBox=\"0 0 256 512\" xmlns=\"http:\/\/www.w3.org\/2000\/svg\"><path d=\"M224.3 273l-136 136c-9.4 9.4-24.6 9.4-33.9 0l-22.6-22.6c-9.4-9.4-9.4-24.6 0-33.9l96.4-96.4-96.4-96.4c-9.4-9.4-9.4-24.6 0-33.9L54.3 103c9.4-9.4 24.6-9.4 33.9 0l136 136c9.5 9.4 9.5 24.6.1 34z\"><\/path><\/svg>\t\t\t<\/span>\n\t\t\t\t\t\t\t\t\t<span class=\"elementor-button-text\">Leer m\u00e1s<\/span>\n\t\t\t\t\t<\/span>\n\t\t\t\t\t<\/a>\n\t\t\t\t<\/div>\n\t\t\t\t\t\t\t\t<\/div>\n\t\t\t\t<\/div>\n\t\t\t\t<\/div>\n\t\t\t\t<\/div>\n\t\t\t\t<\/div>\n\t\t\t\t<\/div>\n\t\t\t\t<\/div>\n\t\t","protected":false},"excerpt":{"rendered":"<p>Nuestros servicios Nuestros servicios est\u00e1n pensados para acompa\u00f1ar a quienes buscan sanar, recuperarse o mantenerse activos. Consulta el precio por hora de cada sesi\u00f3n, descubre paquetes personalizados y reserva tu cita. Leer m\u00e1s Servicios Leer m\u00e1s<\/p>\n","protected":false},"author":1,"featured_media":1915,"parent":0,"menu_order":2,"comment_status":"closed","ping_status":"closed","template":"","meta":{"footnotes":""},"class_list":["post-2092","page","type-page","status-publish","has-post-thumbnail","hentry"],"yoast_head":"<!-- This site is optimized with the Yoast SEO plugin v27.5 - https:\/\/yoast.com\/product\/yoast-seo-wordpress\/ -->\n<title>Servicios - Healing Hands<\/title>\n<meta name=\"robots\" content=\"index, follow, max-snippet:-1, max-image-preview:large, max-video-preview:-1\" \/>\n<link rel=\"canonical\" href=\"https:\/\/healinghandsguatemala.com.gt\/es\/servicios\/\" \/>\n<meta property=\"og:locale\" content=\"es_ES\" \/>\n<meta property=\"og:type\" content=\"article\" \/>\n<meta property=\"og:title\" content=\"Servicios - Healing Hands\" \/>\n<meta property=\"og:description\" content=\"Nuestros servicios Nuestros servicios est\u00e1n pensados para acompa\u00f1ar a quienes buscan sanar, recuperarse o mantenerse activos. Consulta el precio por hora de cada sesi\u00f3n, descubre paquetes personalizados y reserva tu cita. Leer m\u00e1s Servicios Leer m\u00e1s\" \/>\n<meta property=\"og:url\" content=\"https:\/\/healinghandsguatemala.com.gt\/es\/servicios\/\" \/>\n<meta property=\"og:site_name\" content=\"Healing Hands\" \/>\n<meta property=\"article:publisher\" content=\"https:\/\/www.facebook.com\/HealingHandsAntigua\/\" \/>\n<meta property=\"article:modified_time\" content=\"2025-08-16T23:02:54+00:00\" \/>\n<meta property=\"og:image\" content=\"https:\/\/healinghandsguatemala.com.gt\/wp-content\/uploads\/2025\/07\/DSCF2296.jpg\" \/>\n\t<meta property=\"og:image:width\" content=\"1667\" \/>\n\t<meta property=\"og:image:height\" content=\"2500\" \/>\n\t<meta property=\"og:image:type\" content=\"image\/jpeg\" \/>\n<meta name=\"twitter:card\" content=\"summary_large_image\" \/>\n<script type=\"application\/ld+json\" class=\"yoast-schema-graph\">{\"@context\":\"https:\\\/\\\/schema.org\",\"@graph\":[{\"@type\":\"WebPage\",\"@id\":\"https:\\\/\\\/healinghandsguatemala.com.gt\\\/es\\\/servicios\\\/\",\"url\":\"https:\\\/\\\/healinghandsguatemala.com.gt\\\/es\\\/servicios\\\/\",\"name\":\"Servicios - Healing Hands\",\"isPartOf\":{\"@id\":\"https:\\\/\\\/healinghandsguatemala.com.gt\\\/es\\\/#website\"},\"primaryImageOfPage\":{\"@id\":\"https:\\\/\\\/healinghandsguatemala.com.gt\\\/es\\\/servicios\\\/#primaryimage\"},\"image\":{\"@id\":\"https:\\\/\\\/healinghandsguatemala.com.gt\\\/es\\\/servicios\\\/#primaryimage\"},\"thumbnailUrl\":\"https:\\\/\\\/healinghandsguatemala.com.gt\\\/wp-content\\\/uploads\\\/2025\\\/07\\\/DSCF2296.jpg\",\"datePublished\":\"2025-07-31T11:41:46+00:00\",\"dateModified\":\"2025-08-16T23:02:54+00:00\",\"breadcrumb\":{\"@id\":\"https:\\\/\\\/healinghandsguatemala.com.gt\\\/es\\\/servicios\\\/#breadcrumb\"},\"inLanguage\":\"es\",\"potentialAction\":[{\"@type\":\"ReadAction\",\"target\":[\"https:\\\/\\\/healinghandsguatemala.com.gt\\\/es\\\/servicios\\\/\"]}]},{\"@type\":\"ImageObject\",\"inLanguage\":\"es\",\"@id\":\"https:\\\/\\\/healinghandsguatemala.com.gt\\\/es\\\/servicios\\\/#primaryimage\",\"url\":\"https:\\\/\\\/healinghandsguatemala.com.gt\\\/wp-content\\\/uploads\\\/2025\\\/07\\\/DSCF2296.jpg\",\"contentUrl\":\"https:\\\/\\\/healinghandsguatemala.com.gt\\\/wp-content\\\/uploads\\\/2025\\\/07\\\/DSCF2296.jpg\",\"width\":1667,\"height\":2500,\"caption\":\"Healing Hands \u2013 Physical Therapy, Therapeutic Massages and Spa in Antigua Guatemala\"},{\"@type\":\"BreadcrumbList\",\"@id\":\"https:\\\/\\\/healinghandsguatemala.com.gt\\\/es\\\/servicios\\\/#breadcrumb\",\"itemListElement\":[{\"@type\":\"ListItem\",\"position\":1,\"name\":\"Inicio\",\"item\":\"https:\\\/\\\/healinghandsguatemala.com.gt\\\/es\\\/\"},{\"@type\":\"ListItem\",\"position\":2,\"name\":\"Servicios\"}]},{\"@type\":\"WebSite\",\"@id\":\"https:\\\/\\\/healinghandsguatemala.com.gt\\\/es\\\/#website\",\"url\":\"https:\\\/\\\/healinghandsguatemala.com.gt\\\/es\\\/\",\"name\":\"Healing Hands Therapy Spa\",\"description\":\"Fisioterapia, Masajes Terap\u00e9uticos y Spa en Antigua Guatemala\",\"publisher\":{\"@id\":\"https:\\\/\\\/healinghandsguatemala.com.gt\\\/es\\\/#organization\"},\"alternateName\":\"Healing Hands\",\"potentialAction\":[{\"@type\":\"SearchAction\",\"target\":{\"@type\":\"EntryPoint\",\"urlTemplate\":\"https:\\\/\\\/healinghandsguatemala.com.gt\\\/es\\\/?s={search_term_string}\"},\"query-input\":{\"@type\":\"PropertyValueSpecification\",\"valueRequired\":true,\"valueName\":\"search_term_string\"}}],\"inLanguage\":\"es\"},{\"@type\":\"Organization\",\"@id\":\"https:\\\/\\\/healinghandsguatemala.com.gt\\\/es\\\/#organization\",\"name\":\"Healing Hands Therapy Spa\",\"url\":\"https:\\\/\\\/healinghandsguatemala.com.gt\\\/es\\\/\",\"logo\":{\"@type\":\"ImageObject\",\"inLanguage\":\"es\",\"@id\":\"https:\\\/\\\/healinghandsguatemala.com.gt\\\/es\\\/#\\\/schema\\\/logo\\\/image\\\/\",\"url\":\"https:\\\/\\\/healinghandsguatemala.com.gt\\\/wp-content\\\/uploads\\\/2025\\\/08\\\/Healing-Hands-Logo-02.png\",\"contentUrl\":\"https:\\\/\\\/healinghandsguatemala.com.gt\\\/wp-content\\\/uploads\\\/2025\\\/08\\\/Healing-Hands-Logo-02.png\",\"width\":500,\"height\":327,\"caption\":\"Healing Hands Therapy Spa\"},\"image\":{\"@id\":\"https:\\\/\\\/healinghandsguatemala.com.gt\\\/es\\\/#\\\/schema\\\/logo\\\/image\\\/\"},\"sameAs\":[\"https:\\\/\\\/www.facebook.com\\\/HealingHandsAntigua\\\/\",\"https:\\\/\\\/www.instagram.com\\\/healinghandstherapyspa_gt\\\/\",\"https:\\\/\\\/www.tripadvisor.com\\\/Attraction_Review-g295366-d2280106-Reviews-Healing_Hands_Therapy_Spa-Antigua_Sacatepequez_Department.html\"]}]}<\/script>\n<!-- \/ Yoast SEO plugin. -->","yoast_head_json":{"title":"Servicios - Healing Hands","robots":{"index":"index","follow":"follow","max-snippet":"max-snippet:-1","max-image-preview":"max-image-preview:large","max-video-preview":"max-video-preview:-1"},"canonical":"https:\/\/healinghandsguatemala.com.gt\/es\/servicios\/","og_locale":"es_ES","og_type":"article","og_title":"Servicios - Healing Hands","og_description":"Nuestros servicios Nuestros servicios est\u00e1n pensados para acompa\u00f1ar a quienes buscan sanar, recuperarse o mantenerse activos. Consulta el precio por hora de cada sesi\u00f3n, descubre paquetes personalizados y reserva tu cita. Leer m\u00e1s Servicios Leer m\u00e1s","og_url":"https:\/\/healinghandsguatemala.com.gt\/es\/servicios\/","og_site_name":"Healing Hands","article_publisher":"https:\/\/www.facebook.com\/HealingHandsAntigua\/","article_modified_time":"2025-08-16T23:02:54+00:00","og_image":[{"width":1667,"height":2500,"url":"https:\/\/healinghandsguatemala.com.gt\/wp-content\/uploads\/2025\/07\/DSCF2296.jpg","type":"image\/jpeg"}],"twitter_card":"summary_large_image","schema":{"@context":"https:\/\/schema.org","@graph":[{"@type":"WebPage","@id":"https:\/\/healinghandsguatemala.com.gt\/es\/servicios\/","url":"https:\/\/healinghandsguatemala.com.gt\/es\/servicios\/","name":"Servicios - Healing Hands","isPartOf":{"@id":"https:\/\/healinghandsguatemala.com.gt\/es\/#website"},"primaryImageOfPage":{"@id":"https:\/\/healinghandsguatemala.com.gt\/es\/servicios\/#primaryimage"},"image":{"@id":"https:\/\/healinghandsguatemala.com.gt\/es\/servicios\/#primaryimage"},"thumbnailUrl":"https:\/\/healinghandsguatemala.com.gt\/wp-content\/uploads\/2025\/07\/DSCF2296.jpg","datePublished":"2025-07-31T11:41:46+00:00","dateModified":"2025-08-16T23:02:54+00:00","breadcrumb":{"@id":"https:\/\/healinghandsguatemala.com.gt\/es\/servicios\/#breadcrumb"},"inLanguage":"es","potentialAction":[{"@type":"ReadAction","target":["https:\/\/healinghandsguatemala.com.gt\/es\/servicios\/"]}]},{"@type":"ImageObject","inLanguage":"es","@id":"https:\/\/healinghandsguatemala.com.gt\/es\/servicios\/#primaryimage","url":"https:\/\/healinghandsguatemala.com.gt\/wp-content\/uploads\/2025\/07\/DSCF2296.jpg","contentUrl":"https:\/\/healinghandsguatemala.com.gt\/wp-content\/uploads\/2025\/07\/DSCF2296.jpg","width":1667,"height":2500,"caption":"Healing Hands \u2013 Physical Therapy, Therapeutic Massages and Spa in Antigua Guatemala"},{"@type":"BreadcrumbList","@id":"https:\/\/healinghandsguatemala.com.gt\/es\/servicios\/#breadcrumb","itemListElement":[{"@type":"ListItem","position":1,"name":"Inicio","item":"https:\/\/healinghandsguatemala.com.gt\/es\/"},{"@type":"ListItem","position":2,"name":"Servicios"}]},{"@type":"WebSite","@id":"https:\/\/healinghandsguatemala.com.gt\/es\/#website","url":"https:\/\/healinghandsguatemala.com.gt\/es\/","name":"Healing Hands Therapy Spa","description":"Fisioterapia, Masajes Terap\u00e9uticos y Spa en Antigua Guatemala","publisher":{"@id":"https:\/\/healinghandsguatemala.com.gt\/es\/#organization"},"alternateName":"Healing Hands","potentialAction":[{"@type":"SearchAction","target":{"@type":"EntryPoint","urlTemplate":"https:\/\/healinghandsguatemala.com.gt\/es\/?s={search_term_string}"},"query-input":{"@type":"PropertyValueSpecification","valueRequired":true,"valueName":"search_term_string"}}],"inLanguage":"es"},{"@type":"Organization","@id":"https:\/\/healinghandsguatemala.com.gt\/es\/#organization","name":"Healing Hands Therapy Spa","url":"https:\/\/healinghandsguatemala.com.gt\/es\/","logo":{"@type":"ImageObject","inLanguage":"es","@id":"https:\/\/healinghandsguatemala.com.gt\/es\/#\/schema\/logo\/image\/","url":"https:\/\/healinghandsguatemala.com.gt\/wp-content\/uploads\/2025\/08\/Healing-Hands-Logo-02.png","contentUrl":"https:\/\/healinghandsguatemala.com.gt\/wp-content\/uploads\/2025\/08\/Healing-Hands-Logo-02.png","width":500,"height":327,"caption":"Healing Hands Therapy Spa"},"image":{"@id":"https:\/\/healinghandsguatemala.com.gt\/es\/#\/schema\/logo\/image\/"},"sameAs":["https:\/\/www.facebook.com\/HealingHandsAntigua\/","https:\/\/www.instagram.com\/healinghandstherapyspa_gt\/","https:\/\/www.tripadvisor.com\/Attraction_Review-g295366-d2280106-Reviews-Healing_Hands_Therapy_Spa-Antigua_Sacatepequez_Department.html"]}]}},"_links":{"self":[{"href":"https:\/\/healinghandsguatemala.com.gt\/es\/wp-json\/wp\/v2\/pages\/2092","targetHints":{"allow":["GET"]}}],"collection":[{"href":"https:\/\/healinghandsguatemala.com.gt\/es\/wp-json\/wp\/v2\/pages"}],"about":[{"href":"https:\/\/healinghandsguatemala.com.gt\/es\/wp-json\/wp\/v2\/types\/page"}],"author":[{"embeddable":true,"href":"https:\/\/healinghandsguatemala.com.gt\/es\/wp-json\/wp\/v2\/users\/1"}],"replies":[{"embeddable":true,"href":"https:\/\/healinghandsguatemala.com.gt\/es\/wp-json\/wp\/v2\/comments?post=2092"}],"version-history":[{"count":5,"href":"https:\/\/healinghandsguatemala.com.gt\/es\/wp-json\/wp\/v2\/pages\/2092\/revisions"}],"predecessor-version":[{"id":2533,"href":"https:\/\/healinghandsguatemala.com.gt\/es\/wp-json\/wp\/v2\/pages\/2092\/revisions\/2533"}],"wp:featuredmedia":[{"embeddable":true,"href":"https:\/\/healinghandsguatemala.com.gt\/es\/wp-json\/wp\/v2\/media\/1915"}],"wp:attachment":[{"href":"https:\/\/healinghandsguatemala.com.gt\/es\/wp-json\/wp\/v2\/media?parent=2092"}],"curies":[{"name":"wp","href":"https:\/\/api.w.org\/{rel}","templated":true}]}}